{"id":1071,"date":"2021-03-25T17:36:06","date_gmt":"2021-03-25T17:36:06","guid":{"rendered":"https:\/\/www.vanaoue.ee\/virtuaaltuur\/"},"modified":"2021-03-25T17:36:06","modified_gmt":"2021-03-25T17:36:06","slug":"virtuaaltuur","status":"publish","type":"page","link":"https:\/\/www.vanaoue.ee\/en\/virtuaaltuur\/","title":{"rendered":"Virtuaaltuur"},"content":{"rendered":"\n<p>Tahad veenduda, kui m\u00f5nus ja id\u00fclliline Vana\u00f5uel on?<br>Astu Vana\u00f5ue puhkekeskuse maadele ja tubadesse l\u00e4bi virtuaaltuuri. Virtuaaltuuris on olemas nii toad kui ka v\u00e4lipaigad.<\/p>\n\n\n\n<div id=\"\" class=\"ct-code-block virtual-tour\"><iframe src=\"https:\/\/my.matterport.com\/show\/?m=CuLxZBpCNUC\" loading=\"lazy\" frameborder=\"0\" style=\"position:absolute; top:0; left:0; width: 100%; height: 100%;\"><\/iframe>\n<\/div>\n","protected":false},"excerpt":{"rendered":"<p>Tahad veenduda, kui m\u00f5nus ja id\u00fclliline Vana\u00f5uel on?Astu Vana\u00f5ue puhkekeskuse maadele ja tubadesse l\u00e4bi virtuaaltuuri. Virtuaaltuuris on olemas nii toad kui ka v\u00e4lipaigad.<\/p>\n","protected":false},"author":5,"featured_media":0,"parent":0,"menu_order":0,"comment_status":"closed","ping_status":"closed","template":"","meta":[],"acf":[],"yoast_head":"<!-- This site is optimized with the Yoast SEO plugin v18.9 - https:\/\/yoast.com\/wordpress\/plugins\/seo\/ -->\n<title>Virtuaaltuur - Vana\u00f5ue puhkekeskus<\/title>\n<meta name=\"robots\" content=\"index, follow, max-snippet:-1, max-image-preview:large, max-video-preview:-1\" \/>\n<link rel=\"canonical\" href=\"https:\/\/www.vanaoue.ee\/en\/virtuaaltuur\/\" \/>\n<meta property=\"og:locale\" content=\"en_US\" \/>\n<meta property=\"og:type\" content=\"article\" \/>\n<meta property=\"og:title\" content=\"Virtuaaltuur - Vana\u00f5ue puhkekeskus\" \/>\n<meta property=\"og:description\" content=\"Tahad veenduda, kui m\u00f5nus ja id\u00fclliline Vana\u00f5uel on?Astu Vana\u00f5ue puhkekeskuse maadele ja tubadesse l\u00e4bi virtuaaltuuri. Virtuaaltuuris on olemas nii toad kui ka v\u00e4lipaigad.\" \/>\n<meta property=\"og:url\" content=\"https:\/\/www.vanaoue.ee\/en\/virtuaaltuur\/\" \/>\n<meta property=\"og:site_name\" content=\"Vana\u00f5ue puhkekeskus\" \/>\n<meta name=\"twitter:card\" content=\"summary_large_image\" \/>\n<script type=\"application\/ld+json\" class=\"yoast-schema-graph\">{\"@context\":\"https:\/\/schema.org\",\"@graph\":[{\"@type\":\"Organization\",\"@id\":\"https:\/\/www.vanaoue.ee\/#organization\",\"name\":\"Vana\u00f5ue puhkekeskus\",\"url\":\"https:\/\/www.vanaoue.ee\/\",\"sameAs\":[],\"logo\":{\"@type\":\"ImageObject\",\"inLanguage\":\"en-US\",\"@id\":\"https:\/\/www.vanaoue.ee\/#\/schema\/logo\/image\/\",\"url\":\"https:\/\/www.vanaoue.ee\/wp-content\/uploads\/2021\/04\/vanaoue_logo-01.png\",\"contentUrl\":\"https:\/\/www.vanaoue.ee\/wp-content\/uploads\/2021\/04\/vanaoue_logo-01.png\",\"width\":4567,\"height\":4500,\"caption\":\"Vana\u00f5ue puhkekeskus\"},\"image\":{\"@id\":\"https:\/\/www.vanaoue.ee\/#\/schema\/logo\/image\/\"}},{\"@type\":\"WebSite\",\"@id\":\"https:\/\/www.vanaoue.ee\/#website\",\"url\":\"https:\/\/www.vanaoue.ee\/\",\"name\":\"Vana\u00f5ue puhkekeskus\",\"description\":\"\",\"publisher\":{\"@id\":\"https:\/\/www.vanaoue.ee\/#organization\"},\"potentialAction\":[{\"@type\":\"SearchAction\",\"target\":{\"@type\":\"EntryPoint\",\"urlTemplate\":\"https:\/\/www.vanaoue.ee\/?s={search_term_string}\"},\"query-input\":\"required name=search_term_string\"}],\"inLanguage\":\"en-US\"},{\"@type\":\"WebPage\",\"@id\":\"https:\/\/www.vanaoue.ee\/en\/virtuaaltuur\/#webpage\",\"url\":\"https:\/\/www.vanaoue.ee\/en\/virtuaaltuur\/\",\"name\":\"Virtuaaltuur - Vana\u00f5ue puhkekeskus\",\"isPartOf\":{\"@id\":\"https:\/\/www.vanaoue.ee\/#website\"},\"datePublished\":\"2021-03-25T17:36:06+00:00\",\"dateModified\":\"2021-03-25T17:36:06+00:00\",\"breadcrumb\":{\"@id\":\"https:\/\/www.vanaoue.ee\/en\/virtuaaltuur\/#breadcrumb\"},\"inLanguage\":\"en-US\",\"potentialAction\":[{\"@type\":\"ReadAction\",\"target\":[\"https:\/\/www.vanaoue.ee\/en\/virtuaaltuur\/\"]}]},{\"@type\":\"BreadcrumbList\",\"@id\":\"https:\/\/www.vanaoue.ee\/en\/virtuaaltuur\/#breadcrumb\",\"itemListElement\":[{\"@type\":\"ListItem\",\"position\":1,\"name\":\"Home\",\"item\":\"https:\/\/www.vanaoue.ee\/en\/\"},{\"@type\":\"ListItem\",\"position\":2,\"name\":\"Virtuaaltuur\"}]}]}<\/script>\n<!-- \/ Yoast SEO plugin. -->","yoast_head_json":{"title":"Virtuaaltuur - Vana\u00f5ue puhkekeskus","robots":{"index":"index","follow":"follow","max-snippet":"max-snippet:-1","max-image-preview":"max-image-preview:large","max-video-preview":"max-video-preview:-1"},"canonical":"https:\/\/www.vanaoue.ee\/en\/virtuaaltuur\/","og_locale":"en_US","og_type":"article","og_title":"Virtuaaltuur - Vana\u00f5ue puhkekeskus","og_description":"Tahad veenduda, kui m\u00f5nus ja id\u00fclliline Vana\u00f5uel on?Astu Vana\u00f5ue puhkekeskuse maadele ja tubadesse l\u00e4bi virtuaaltuuri. Virtuaaltuuris on olemas nii toad kui ka v\u00e4lipaigad.","og_url":"https:\/\/www.vanaoue.ee\/en\/virtuaaltuur\/","og_site_name":"Vana\u00f5ue puhkekeskus","twitter_card":"summary_large_image","schema":{"@context":"https:\/\/schema.org","@graph":[{"@type":"Organization","@id":"https:\/\/www.vanaoue.ee\/#organization","name":"Vana\u00f5ue puhkekeskus","url":"https:\/\/www.vanaoue.ee\/","sameAs":[],"logo":{"@type":"ImageObject","inLanguage":"en-US","@id":"https:\/\/www.vanaoue.ee\/#\/schema\/logo\/image\/","url":"https:\/\/www.vanaoue.ee\/wp-content\/uploads\/2021\/04\/vanaoue_logo-01.png","contentUrl":"https:\/\/www.vanaoue.ee\/wp-content\/uploads\/2021\/04\/vanaoue_logo-01.png","width":4567,"height":4500,"caption":"Vana\u00f5ue puhkekeskus"},"image":{"@id":"https:\/\/www.vanaoue.ee\/#\/schema\/logo\/image\/"}},{"@type":"WebSite","@id":"https:\/\/www.vanaoue.ee\/#website","url":"https:\/\/www.vanaoue.ee\/","name":"Vana\u00f5ue puhkekeskus","description":"","publisher":{"@id":"https:\/\/www.vanaoue.ee\/#organization"},"potentialAction":[{"@type":"SearchAction","target":{"@type":"EntryPoint","urlTemplate":"https:\/\/www.vanaoue.ee\/?s={search_term_string}"},"query-input":"required name=search_term_string"}],"inLanguage":"en-US"},{"@type":"WebPage","@id":"https:\/\/www.vanaoue.ee\/en\/virtuaaltuur\/#webpage","url":"https:\/\/www.vanaoue.ee\/en\/virtuaaltuur\/","name":"Virtuaaltuur - Vana\u00f5ue puhkekeskus","isPartOf":{"@id":"https:\/\/www.vanaoue.ee\/#website"},"datePublished":"2021-03-25T17:36:06+00:00","dateModified":"2021-03-25T17:36:06+00:00","breadcrumb":{"@id":"https:\/\/www.vanaoue.ee\/en\/virtuaaltuur\/#breadcrumb"},"inLanguage":"en-US","potentialAction":[{"@type":"ReadAction","target":["https:\/\/www.vanaoue.ee\/en\/virtuaaltuur\/"]}]},{"@type":"BreadcrumbList","@id":"https:\/\/www.vanaoue.ee\/en\/virtuaaltuur\/#breadcrumb","itemListElement":[{"@type":"ListItem","position":1,"name":"Home","item":"https:\/\/www.vanaoue.ee\/en\/"},{"@type":"ListItem","position":2,"name":"Virtuaaltuur"}]}]}},"_links":{"self":[{"href":"https:\/\/www.vanaoue.ee\/en\/wp-json\/wp\/v2\/pages\/1071"}],"collection":[{"href":"https:\/\/www.vanaoue.ee\/en\/wp-json\/wp\/v2\/pages"}],"about":[{"href":"https:\/\/www.vanaoue.ee\/en\/wp-json\/wp\/v2\/types\/page"}],"author":[{"embeddable":true,"href":"https:\/\/www.vanaoue.ee\/en\/wp-json\/wp\/v2\/users\/5"}],"replies":[{"embeddable":true,"href":"https:\/\/www.vanaoue.ee\/en\/wp-json\/wp\/v2\/comments?post=1071"}],"version-history":[{"count":0,"href":"https:\/\/www.vanaoue.ee\/en\/wp-json\/wp\/v2\/pages\/1071\/revisions"}],"wp:attachment":[{"href":"https:\/\/www.vanaoue.ee\/en\/wp-json\/wp\/v2\/media?parent=1071"}],"curies":[{"name":"wp","href":"https:\/\/api.w.org\/{rel}","templated":true}]}}